{"id":1757,"date":"2021-02-28T22:30:40","date_gmt":"2021-02-28T21:30:40","guid":{"rendered":"http:\/\/www.globalcompact-tunisia.org\/test1\/?page_id=1757"},"modified":"2021-05-14T19:20:13","modified_gmt":"2021-05-14T17:20:13","slug":"structure-et-gouvernance","status":"publish","type":"page","link":"https:\/\/www.globalcompact-tunisia.org\/index.php\/structure-et-gouvernance\/","title":{"rendered":"Structure et Gouvernance"},"content":{"rendered":"<div id=\"pl-1757\"  class=\"panel-layout\" ><div id=\"pg-1757-0\"  class=\"panel-grid panel-has-style\" ><div class=\"siteorigin-panels-stretch panel-row-style panel-row-style-for-1757-0\" data-stretch-type=\"full\" ><div id=\"pgc-1757-0-0\"  class=\"panel-grid-cell panel-grid-cell-empty\" ><\/div><div id=\"pgc-1757-0-1\"  class=\"panel-grid-cell panel-grid-cell-mobile-last\" ><div class=\"overlay-c1 panel-cell-style panel-cell-style-for-1757-0-1\" ><div id=\"panel-1757-0-1-0\" class=\"so-panel widget panel-first-child panel-last-child\" data-index=\"0\" ><\/div><\/div><\/div><div id=\"pgc-1757-0-2\"  class=\"panel-grid-cell panel-grid-cell-empty\" ><\/div><\/div><\/div><div id=\"pg-1757-1\"  class=\"panel-grid panel-has-style\" ><div class=\"siteorigin-panels-stretch panel-row-style panel-row-style-for-1757-1\" data-stretch-type=\"full\" ><div id=\"pgc-1757-1-0\"  class=\"panel-grid-cell\" ><div id=\"panel-1757-1-0-0\" class=\"so-panel widget widget_text panel-first-child panel-last-child\" data-index=\"1\" ><div class=\"panel-widget-style panel-widget-style-for-1757-1-0-0\" >\t\t\t<div class=\"textwidget\"><p>Bien que les r\u00e9seaux locaux soient des entit\u00e9s ind\u00e9pendantes, autonomes et autog\u00e9r\u00e9es, ils travaillent en \u00e9troite collaboration avec le si\u00e8ge du Pacte Mondial des Nations Unies \u00e0 New York et agissent comme point de contact pour les membres adh\u00e9rents du pays qu\u2019ils repr\u00e9sentent.<\/p>\n<p>Le R\u00e9seau Pacte Mondial Tunisie est rattach\u00e9 \u00e0 la r\u00e9gion Afrique, qui regroupe 9 r\u00e9seaux locaux\u00a0:<\/p>\n<ol>\n<li>R\u00e9publique d\u00e9mocratique du Congo<\/li>\n<li>Ghana<\/li>\n<li>Kenya<\/li>\n<li>Iles Maurice et Oc\u00e9an Indien<\/li>\n<li>Maroc<\/li>\n<li>Nigeria<\/li>\n<li>Afrique du Sud<\/li>\n<li>Tanzanie<\/li>\n<li><strong>Tunisie <\/strong><\/li>\n<\/ol>\n<\/div>\n\t\t<\/div><\/div><\/div><div id=\"pgc-1757-1-1\"  class=\"panel-grid-cell\" ><div id=\"panel-1757-1-1-0\" class=\"so-panel widget panel-first-child panel-last-child\" data-index=\"2\" ><\/div><\/div><\/div><\/div><div id=\"pg-1757-2\"  class=\"panel-grid panel-has-style\" ><div class=\"siteorigin-panels-stretch panel-row-style panel-row-style-for-1757-2\" data-stretch-type=\"full\" ><div id=\"pgc-1757-2-0\"  class=\"panel-grid-cell\" ><div id=\"panel-1757-2-0-0\" class=\"so-panel widget widget_text panel-first-child panel-last-child\" data-index=\"3\" ><div class=\"panel-widget-style panel-widget-style-for-1757-2-0-0\" >\t\t\t<div class=\"textwidget\"><p><strong style=\"color: #0e495c;\">Organisation H\u00f4te : L\u2019Institut de\u00a0Responsabilit\u00e9 Soci\u00e9tale des Entreprises\u00a0en Tunisie (IRSET)<\/strong><\/p>\n<p>Fond\u00e9e en mai 2013, cette association apolitique et \u00e0 but non lucratif est compos\u00e9e par des membres provenant d\u2019horizons divers mais partageant des convictions communes.<\/p>\n<p>Experts, praticiens et acad\u00e9miciens, tous reconnus dans leurs milieux respectifs comme des sp\u00e9cialistes de la Responsabilit\u00e9 Soci\u00e9tale des Organisations, se sont rassembl\u00e9s dans ce\u00a0think-act-tank\u00a0avec la ferme volont\u00e9 de participer activement \u00e0 promouvoir et diffuser la culture de la responsabilit\u00e9 soci\u00e9tale en Tunisie.<\/p>\n<\/div>\n\t\t<\/div><\/div><\/div><div id=\"pgc-1757-2-1\"  class=\"panel-grid-cell\" ><div id=\"panel-1757-2-1-0\" class=\"so-panel widget panel-first-child panel-last-child\" data-index=\"4\" ><\/div><\/div><\/div><\/div><div id=\"pg-1757-3\"  class=\"panel-grid panel-has-style\" ><div class=\"siteorigin-panels-stretch panel-row-style panel-row-style-for-1757-3\" data-stretch-type=\"full\" ><div id=\"pgc-1757-3-0\"  class=\"panel-grid-cell panel-grid-cell-mobile-last\" ><div id=\"panel-1757-3-0-0\" class=\"so-panel widget widget_text panel-first-child panel-last-child\" data-index=\"5\" ><div class=\"panel-widget-style panel-widget-style-for-1757-3-0-0\" >\t\t\t<div class=\"textwidget\"><p><strong style=\"color:#0e495c\">La gouvernance du r\u00e9seau est assur\u00e9e par :<\/strong><\/p>\n<ul>\n<li>Une Assembl\u00e9e g\u00e9n\u00e9rale<\/li>\n<li>Un Pr\u00e9sident<\/li>\n<li>Un Comit\u00e9 de directeurs<\/li>\n<li>Un\u00a0Directeur ex\u00e9cutif<\/li>\n<li>Une\u00a0Organisation h\u00f4te (IRSET)<\/li>\n<\/ul>\n<p>&nbsp;<\/p>\n<\/div>\n\t\t<\/div><\/div><\/div><div id=\"pgc-1757-3-1\"  class=\"panel-grid-cell panel-grid-cell-empty\" ><\/div><\/div><\/div><\/div>","protected":false},"excerpt":{"rendered":"<p>Lorem ipsum dolor sit amet, consectetuer. Proin gravida nibh vel velit auctor aliquet. Aenean sollicitudin, lorem quis bibendum auctor, nisi elit consequat ipsum.<\/p>\n","protected":false},"author":1,"featured_media":1373,"parent":0,"menu_order":0,"comment_status":"closed","ping_status":"closed","template":"","meta":{"_price":"","_stock":"","_tribe_ticket_header":"","_tribe_default_ticket_provider":"","_tribe_ticket_capacity":"0","_ticket_start_date":"","_ticket_end_date":"","_tribe_ticket_show_description":"","_tribe_ticket_show_not_going":false,"_tribe_ticket_use_global_stock":"","_tribe_ticket_global_stock_level":"","_global_stock_mode":"","_global_stock_cap":"","_tribe_rsvp_for_event":"","_tribe_ticket_going_count":"","_tribe_ticket_not_going_count":"","_tribe_tickets_list":[],"_tribe_ticket_has_attendee_info_fields":false,"footnotes":""},"class_list":["post-1757","page","type-page","status-publish","has-post-thumbnail","hentry","post"],"ticketed":false,"_links":{"self":[{"href":"https:\/\/www.globalcompact-tunisia.org\/index.php\/wp-json\/wp\/v2\/pages\/1757","targetHints":{"allow":["GET"]}}],"collection":[{"href":"https:\/\/www.globalcompact-tunisia.org\/index.php\/wp-json\/wp\/v2\/pages"}],"about":[{"href":"https:\/\/www.globalcompact-tunisia.org\/index.php\/wp-json\/wp\/v2\/types\/page"}],"author":[{"embeddable":true,"href":"https:\/\/www.globalcompact-tunisia.org\/index.php\/wp-json\/wp\/v2\/users\/1"}],"replies":[{"embeddable":true,"href":"https:\/\/www.globalcompact-tunisia.org\/index.php\/wp-json\/wp\/v2\/comments?post=1757"}],"version-history":[{"count":48,"href":"https:\/\/www.globalcompact-tunisia.org\/index.php\/wp-json\/wp\/v2\/pages\/1757\/revisions"}],"predecessor-version":[{"id":2234,"href":"https:\/\/www.globalcompact-tunisia.org\/index.php\/wp-json\/wp\/v2\/pages\/1757\/revisions\/2234"}],"wp:featuredmedia":[{"embeddable":true,"href":"https:\/\/www.globalcompact-tunisia.org\/index.php\/wp-json\/wp\/v2\/media\/1373"}],"wp:attachment":[{"href":"https:\/\/www.globalcompact-tunisia.org\/index.php\/wp-json\/wp\/v2\/media?parent=1757"}],"curies":[{"name":"wp","href":"https:\/\/api.w.org\/{rel}","templated":true}]}}