{"id":1958,"date":"2021-03-15T01:30:38","date_gmt":"2021-03-15T00:30:38","guid":{"rendered":"http:\/\/www.globalcompact-tunisia.org\/test1\/?page_id=1958"},"modified":"2021-09-02T00:44:43","modified_gmt":"2021-09-01T22:44:43","slug":"introduction","status":"publish","type":"page","link":"https:\/\/www.globalcompact-tunisia.org\/index.php\/introduction\/","title":{"rendered":"Introduction"},"content":{"rendered":"<div id=\"pl-1958\"  class=\"panel-layout\" ><div id=\"pg-1958-0\"  class=\"panel-grid panel-has-style\" ><div class=\"siteorigin-panels-stretch panel-row-style panel-row-style-for-1958-0\" data-stretch-type=\"full\" ><div id=\"pgc-1958-0-0\"  class=\"panel-grid-cell panel-grid-cell-empty\" ><\/div><div id=\"pgc-1958-0-1\"  class=\"panel-grid-cell panel-grid-cell-mobile-last\" ><div class=\"overlay-c1 panel-cell-style panel-cell-style-for-1958-0-1\" ><div id=\"panel-1958-0-1-0\" class=\"so-panel widget panel-first-child panel-last-child\" data-index=\"0\" ><\/div><\/div><\/div><div id=\"pgc-1958-0-2\"  class=\"panel-grid-cell panel-grid-cell-empty\" ><\/div><\/div><\/div><div id=\"pg-1958-1\"  class=\"panel-grid panel-has-style\" ><div class=\"siteorigin-panels-stretch panel-row-style panel-row-style-for-1958-1\" data-stretch-type=\"full\" ><div id=\"pgc-1958-1-0\"  class=\"panel-grid-cell\" ><div id=\"panel-1958-1-0-0\" class=\"so-panel widget widget_text panel-first-child\" data-index=\"1\" ><div class=\"panel-widget-style panel-widget-style-for-1958-1-0-0\" >\t\t\t<div class=\"textwidget\"><div style=\"text-align:justify\">Les membres du r\u00e9seau doivent publier chaque ann\u00e9e (ou deux pour les membres autres que business) un rapport public \u00e0 destination de leurs parties prenantes, sur les progr\u00e8s effectu\u00e9s dans le cadre de leur engagement envers le Global Compact. Ce document est appel\u00e9 <strong>Communication sur le Progr\u00e8s COP (membres business) ou Communication sur l\u2019Engagement COE (membres non business).<\/strong><\/p>\n<p>La r\u00e9daction d\u2019une COP\/COE permet aux membres de formaliser leurs engagements, d\u2019initier une d\u00e9marche de progr\u00e8s et faire conna\u00eetre leurs engagements et r\u00e9sultats.<\/p>\n<p><strong>Communiquer r\u00e9guli\u00e8rement sur leurs progr\u00e8s<\/strong> aide les membres \u00e0 s\u2019auto-\u00e9valuer et faire progresser leur strat\u00e9gie de d\u00e9veloppement durable, tout en permettant \u00e0 leurs parties prenantes de prendre des d\u00e9cisions \u00e9clair\u00e9es.<\/p>\n<p>La publication des COP et COE permet de faire preuve de responsabilit\u00e9, transparence et d\u2019am\u00e9lioration continue.<\/p><\/div>\n<\/div>\n\t\t<\/div><\/div><div id=\"panel-1958-1-0-1\" class=\"so-panel widget\" data-index=\"2\" ><\/div><div id=\"panel-1958-1-0-2\" class=\"so-panel widget panel-last-child\" data-index=\"3\" ><\/div><\/div><div id=\"pgc-1958-1-1\"  class=\"panel-grid-cell\" ><div id=\"panel-1958-1-1-0\" class=\"so-panel widget panel-first-child panel-last-child\" data-index=\"4\" ><div class=\"panel-widget-style panel-widget-style-for-1958-1-1-0\" ><\/div><\/div><\/div><\/div><\/div><\/div>","protected":false},"excerpt":{"rendered":"<p>Lorem ipsum dolor sit amet, consectetuer. Proin gravida nibh vel velit auctor aliquet. Aenean sollicitudin, lorem quis bibendum auctor, nisi elit consequat ipsum.<\/p>\n","protected":false},"author":1,"featured_media":1373,"parent":0,"menu_order":0,"comment_status":"closed","ping_status":"closed","template":"","meta":{"_price":"","_stock":"","_tribe_ticket_header":"","_tribe_default_ticket_provider":"","_tribe_ticket_capacity":"0","_ticket_start_date":"","_ticket_end_date":"","_tribe_ticket_show_description":"","_tribe_ticket_show_not_going":false,"_tribe_ticket_use_global_stock":"","_tribe_ticket_global_stock_level":"","_global_stock_mode":"","_global_stock_cap":"","_tribe_rsvp_for_event":"","_tribe_ticket_going_count":"","_tribe_ticket_not_going_count":"","_tribe_tickets_list":[],"_tribe_ticket_has_attendee_info_fields":false,"footnotes":""},"class_list":["post-1958","page","type-page","status-publish","has-post-thumbnail","hentry","post"],"ticketed":false,"_links":{"self":[{"href":"https:\/\/www.globalcompact-tunisia.org\/index.php\/wp-json\/wp\/v2\/pages\/1958","targetHints":{"allow":["GET"]}}],"collection":[{"href":"https:\/\/www.globalcompact-tunisia.org\/index.php\/wp-json\/wp\/v2\/pages"}],"about":[{"href":"https:\/\/www.globalcompact-tunisia.org\/index.php\/wp-json\/wp\/v2\/types\/page"}],"author":[{"embeddable":true,"href":"https:\/\/www.globalcompact-tunisia.org\/index.php\/wp-json\/wp\/v2\/users\/1"}],"replies":[{"embeddable":true,"href":"https:\/\/www.globalcompact-tunisia.org\/index.php\/wp-json\/wp\/v2\/comments?post=1958"}],"version-history":[{"count":18,"href":"https:\/\/www.globalcompact-tunisia.org\/index.php\/wp-json\/wp\/v2\/pages\/1958\/revisions"}],"predecessor-version":[{"id":2939,"href":"https:\/\/www.globalcompact-tunisia.org\/index.php\/wp-json\/wp\/v2\/pages\/1958\/revisions\/2939"}],"wp:featuredmedia":[{"embeddable":true,"href":"https:\/\/www.globalcompact-tunisia.org\/index.php\/wp-json\/wp\/v2\/media\/1373"}],"wp:attachment":[{"href":"https:\/\/www.globalcompact-tunisia.org\/index.php\/wp-json\/wp\/v2\/media?parent=1958"}],"curies":[{"name":"wp","href":"https:\/\/api.w.org\/{rel}","templated":true}]}}