{"id":1968,"date":"2021-03-15T01:39:26","date_gmt":"2021-03-15T00:39:26","guid":{"rendered":"http:\/\/www.globalcompact-tunisia.org\/test1\/?page_id=1968"},"modified":"2021-09-02T01:05:01","modified_gmt":"2021-09-01T23:05:01","slug":"communication-sur-lengagement-coe","status":"publish","type":"page","link":"https:\/\/www.globalcompact-tunisia.org\/index.php\/communication-sur-lengagement-coe\/","title":{"rendered":"Communication sur l\u2019engagement COE"},"content":{"rendered":"<div id=\"pl-1968\"  class=\"panel-layout\" ><div id=\"pg-1968-0\"  class=\"panel-grid panel-has-style\" ><div class=\"siteorigin-panels-stretch panel-row-style panel-row-style-for-1968-0\" data-stretch-type=\"full\" ><div id=\"pgc-1968-0-0\"  class=\"panel-grid-cell panel-grid-cell-empty\" ><\/div><div id=\"pgc-1968-0-1\"  class=\"panel-grid-cell panel-grid-cell-mobile-last\" ><div class=\"overlay-c1 panel-cell-style panel-cell-style-for-1968-0-1\" ><div id=\"panel-1968-0-1-0\" class=\"so-panel widget panel-first-child panel-last-child\" data-index=\"0\" ><\/div><\/div><\/div><div id=\"pgc-1968-0-2\"  class=\"panel-grid-cell panel-grid-cell-empty\" ><\/div><\/div><\/div><div id=\"pg-1968-1\"  class=\"panel-grid panel-has-style\" ><div class=\"panel-row-style panel-row-style-for-1968-1\" ><div id=\"pgc-1968-1-0\"  class=\"panel-grid-cell\" ><div id=\"panel-1968-1-0-0\" class=\"so-panel widget widget_text panel-first-child panel-last-child\" data-index=\"1\" ><div class=\"panel-widget-style panel-widget-style-for-1968-1-0-0\" >\t\t\t<div class=\"textwidget\"><p>Depuis le 31 octobre 2013, les organisations \u00e0 but non lucratif doivent communiquer sur la mani\u00e8re dont elles soutiennent le Global Compact des Nations Unies dans une Communication sur l&rsquo;Engagement (COE). La COE est une d\u00e9claration publique par laquelle les membres informent leurs parties prenantes de leurs efforts en faveur des principes du Global Compact des Nations Unies et de leur engagement envers l&rsquo;initiative.<\/p>\n<p><strong>La premi\u00e8re Communication sur l&rsquo;Engagement (COE) doit \u00eatre publi\u00e9e au maximum 2 ans apr\u00e8s la date d&rsquo;adh\u00e9sion.\u00a0<\/strong>L&rsquo;organisation doit ensuite communiquer\u00a0<strong>tous les deux ans<\/strong>\u00a0avant la date de sa derni\u00e8re publication.<\/p>\n<\/div>\n\t\t<\/div><\/div><\/div><\/div><\/div><div id=\"pg-1968-2\"  class=\"panel-grid panel-has-style\" ><div class=\"panel-row-style panel-row-style-for-1968-2\" ><div id=\"pgc-1968-2-0\"  class=\"panel-grid-cell\" ><div id=\"panel-1968-2-0-0\" class=\"so-panel widget panel-first-child\" data-index=\"2\" ><\/div><div id=\"panel-1968-2-0-1\" class=\"so-panel widget widget_text panel-last-child\" data-index=\"3\" ><div class=\"panel-widget-style panel-widget-style-for-1968-2-0-1\" >\t\t\t<div class=\"textwidget\"><p>Les\u00a0Communications sur l&rsquo;Engagement<strong>\u00a0<\/strong>doivent comporter\u00a0obligatoirement <strong>3 parties\u00a0<\/strong>:<\/p>\n<p><strong>1\u00a0<\/strong>&#8211;\u00a0<strong>Le renouvellement de l&rsquo;engagement\u00a0<\/strong>\u00e0 respecter et \u00e0 mettre en \u0153uvre les dix principes du Global Compact, sign\u00e9 par le plus haut responsable de l&rsquo;organisation<\/p>\n<p><strong>2<\/strong>\u00a0\u2013\u00a0<strong>Une description d\u00e9taill\u00e9e des actions<\/strong><\/p>\n<p><strong>3<\/strong>\u00a0&#8211;\u00a0Les\u00a0<strong>r\u00e9sultats chiffr\u00e9s\u00a0<\/strong>de ces actions, obtenus ou attendus.<\/p>\n<p>Les organisations devront remplir\u00a0un questionnaire d&rsquo;auto-\u00e9valuation lorsqu&rsquo;elles publient leur COE.<\/p>\n<\/div>\n\t\t<\/div><\/div><\/div><div id=\"pgc-1968-2-1\"  class=\"panel-grid-cell\" ><div id=\"panel-1968-2-1-0\" class=\"so-panel widget panel-first-child\" data-index=\"4\" ><\/div><div id=\"panel-1968-2-1-1\" class=\"so-panel widget widget_text panel-last-child\" data-index=\"5\" ><div class=\"panel-widget-style panel-widget-style-for-1968-2-1-1\" >\t\t\t<div class=\"textwidget\"><p>Le format d\u2019une COE est flexible (document PDF, PowerPoint, infographie, etc.). Elle peut \u00eatre r\u00e9dig\u00e9e dans toutes les langues, id\u00e9alement celle des parties prenantes.\u00a0Il est pr\u00e9f\u00e9rable d&rsquo;utiliser une publication d\u00e9j\u00e0 existante (ex\u00a0: rapport annuel, etc.) pour constituer votre COE, \u00e0 la condition\u00a0que les trois parties obligatoires cit\u00e9es pr\u00e9c\u00e9demment apparaissent.<\/p>\n<\/div>\n\t\t<\/div><\/div><\/div><\/div><\/div><div id=\"pg-1968-3\"  class=\"panel-grid panel-no-style\" ><div id=\"pgc-1968-3-0\"  class=\"panel-grid-cell\" ><div id=\"panel-1968-3-0-0\" class=\"so-panel widget panel-first-child\" data-index=\"6\" ><\/div><div id=\"panel-1968-3-0-1\" class=\"so-panel widget widget_text\" data-index=\"7\" ><div class=\"panel-widget-style panel-widget-style-for-1968-3-0-1\" >\t\t\t<div class=\"textwidget\"><p>La COE doit \u00eatre publi\u00e9e sur le site du Global Compact, par l&rsquo;organisation, avant la date butoir. En cas d&rsquo;oubli, cette date est consultable sur\u00a0<a href=\"https:\/\/www.unglobalcompact.org\/login\"> le site du Global Compact.\u00a0<\/a><\/p>\n<p>Si l&rsquo;organisation ne publie pas sa COE dans les d\u00e9lais requis, elle sera consid\u00e9r\u00e9e comme \u00ab\u00a0non-communicante\u00a0\u00bb et d\u00e9list\u00e9e du Global Compact un an plus tard si elle n&rsquo;a toujours pas publi\u00e9 sa COE. Au besoin il est possible de demander un d\u00e9lai de 3 mois suppl\u00e9mentaires.<\/p>\n<p>Le r\u00e9seau Global Compact Tunisie est \u00e0 la disposition de ses membres pour les\u00a0accompagner dans la r\u00e9daction, la relecture de leur COE et la mise \u00e0 disposition de COEs de qualit\u00e9.<\/p>\n<\/div>\n\t\t<\/div><\/div><div id=\"panel-1968-3-0-2\" class=\"so-panel widget panel-last-child\" data-index=\"8\" ><\/div><\/div><div id=\"pgc-1968-3-1\"  class=\"panel-grid-cell\" ><div id=\"panel-1968-3-1-0\" class=\"so-panel widget panel-first-child\" data-index=\"9\" ><\/div><div id=\"panel-1968-3-1-1\" class=\"so-panel widget widget_text\" data-index=\"10\" ><div class=\"panel-widget-style panel-widget-style-for-1968-3-1-1\" >\t\t\t<div class=\"textwidget\"><p>Toutes les organisations \u00e0 but non lucratif membres du Global Compact doivent publier elles-m\u00eames, tous les deux ans, leur Communication sur l\u2019Engagement (COE) sur le\u00a0<a href=\"https:\/\/www.unglobalcompact.org\/\">site Internet du Global Compact des Nations Unies<\/a>\u00a0:\u00a0<a href=\"http:\/\/www.unglobalcompact.org\/\">www.unglobalcompact.org<\/a><strong>.<\/strong>Leur COE devient alors public et consultable par tous, notamment leurs parties prenantes.<\/p>\n<\/div>\n\t\t<\/div><\/div><div id=\"panel-1968-3-1-2\" class=\"so-panel widget panel-last-child\" data-index=\"11\" ><\/div><\/div><\/div><\/div>","protected":false},"excerpt":{"rendered":"<p>Depuis le 31 octobre 2013, les organisations \u00e0 but non lucratif doivent communiquer sur la mani\u00e8re dont elles soutiennent le Global Compact des Nations Unies dans une Communication sur l&rsquo;Engagement (COE). La COE est une d\u00e9claration publique par laquelle les membres informent leurs parties prenantes de leurs efforts en faveur des principes du Global Compact [&hellip;]<\/p>\n","protected":false},"author":1,"featured_media":0,"parent":0,"menu_order":0,"comment_status":"closed","ping_status":"closed","template":"","meta":{"_price":"","_stock":"","_tribe_ticket_header":"","_tribe_default_ticket_provider":"","_tribe_ticket_capacity":"0","_ticket_start_date":"","_ticket_end_date":"","_tribe_ticket_show_description":"","_tribe_ticket_show_not_going":false,"_tribe_ticket_use_global_stock":"","_tribe_ticket_global_stock_level":"","_global_stock_mode":"","_global_stock_cap":"","_tribe_rsvp_for_event":"","_tribe_ticket_going_count":"","_tribe_ticket_not_going_count":"","_tribe_tickets_list":[],"_tribe_ticket_has_attendee_info_fields":false,"footnotes":""},"class_list":["post-1968","page","type-page","status-publish","hentry","post"],"ticketed":false,"_links":{"self":[{"href":"https:\/\/www.globalcompact-tunisia.org\/index.php\/wp-json\/wp\/v2\/pages\/1968","targetHints":{"allow":["GET"]}}],"collection":[{"href":"https:\/\/www.globalcompact-tunisia.org\/index.php\/wp-json\/wp\/v2\/pages"}],"about":[{"href":"https:\/\/www.globalcompact-tunisia.org\/index.php\/wp-json\/wp\/v2\/types\/page"}],"author":[{"embeddable":true,"href":"https:\/\/www.globalcompact-tunisia.org\/index.php\/wp-json\/wp\/v2\/users\/1"}],"replies":[{"embeddable":true,"href":"https:\/\/www.globalcompact-tunisia.org\/index.php\/wp-json\/wp\/v2\/comments?post=1968"}],"version-history":[{"count":16,"href":"https:\/\/www.globalcompact-tunisia.org\/index.php\/wp-json\/wp\/v2\/pages\/1968\/revisions"}],"predecessor-version":[{"id":2943,"href":"https:\/\/www.globalcompact-tunisia.org\/index.php\/wp-json\/wp\/v2\/pages\/1968\/revisions\/2943"}],"wp:attachment":[{"href":"https:\/\/www.globalcompact-tunisia.org\/index.php\/wp-json\/wp\/v2\/media?parent=1968"}],"curies":[{"name":"wp","href":"https:\/\/api.w.org\/{rel}","templated":true}]}}